{"id":204,"date":"2025-04-28T23:51:51","date_gmt":"2025-04-28T23:51:51","guid":{"rendered":"https:\/\/opendowear.com\/?page_id=204"},"modified":"2025-04-29T00:03:12","modified_gmt":"2025-04-29T00:03:12","slug":"kvkk-aydinlatma-metni","status":"publish","type":"page","link":"https:\/\/opendowear.com\/?page_id=204","title":{"rendered":"KVKK Ayd\u0131nlatma Metni"},"content":{"rendered":"\n<p>6698 SAYILI K\u0130\u015e\u0130SEL VER\u0130LER\u0130N KORUNMASI KANUNU KAPSAMINDA AYDINLATMA METN\u0130<\/p>\n\n\n\n<p>Opendo (\u201c\u015eirket\u201d), y\u00fcr\u00fctmekte oldu\u011fu faaliyetler nedeniyle ki\u015fisel verilerinizin i\u015flenmesinde 6698 say\u0131l\u0131 Ki\u015fisel Verilerin Korunmas\u0131 Kanunu\u2019na (\u201cKVKK\u201d) uygun olarak her t\u00fcrl\u00fc teknik ve hukuki tedbiri almaktad\u0131r. \u0130lgili ki\u015filer, ki\u015fisel verilerinin i\u015flenmesi, \u00fc\u00e7\u00fcnc\u00fc ki\u015filere aktar\u0131lmas\u0131, ki\u015fisel veri toplaman\u0131n hukuki sebepleri ile KVKK\u2019da yer alan haklar\u0131 konular\u0131nda detayl\u0131 bilgiye a\u015fa\u011f\u0131daki ayd\u0131nlatma metninden ula\u015fabilirler.<\/p>\n\n\n\n<p>A. \u0130\u015flenen Ki\u015fisel Veriler, Veri \u0130\u015fleme Amac\u0131, Toplama Y\u00f6ntemi ve \u0130\u015flemenin Hukuki Sebebi<\/p>\n\n\n\n<p>\u015eirketimizin veri i\u015fleme esnas\u0131nda dayand\u0131\u011f\u0131 hukuki sebepler \u015funlard\u0131r:<\/p>\n\n\n\n<ul class=\"wp-block-list\">\n<li>A\u00e7\u0131k r\u0131zan\u0131n varl\u0131\u011f\u0131 (\u201cm.5\/1, m.6\/2\u201d).<\/li>\n\n\n\n<li>Kanunlarda a\u00e7\u0131k\u00e7a \u00f6ng\u00f6r\u00fclmesi (\u201cm.5\/2-a\u201d).<\/li>\n\n\n\n<li>Fiili imk\u00e2ns\u0131zl\u0131k nedeniyle r\u0131zas\u0131n\u0131 a\u00e7\u0131klayamayacak durumda bulunan veya r\u0131zas\u0131na hukuki ge\u00e7erlilik tan\u0131nmayan ki\u015finin kendisinin ya da bir ba\u015fkas\u0131n\u0131n hayat\u0131 veya beden b\u00fct\u00fcnl\u00fc\u011f\u00fcn\u00fcn korunmas\u0131 i\u00e7in zorunlu olmas\u0131 (\u201cm.5\/2-b\u201d).<\/li>\n\n\n\n<li>Bir s\u00f6zle\u015fmenin kurulmas\u0131 veya ifas\u0131yla do\u011frudan do\u011fruya ilgili olmas\u0131 kayd\u0131yla, s\u00f6zle\u015fmenin taraflar\u0131na ait ki\u015fisel verilerin i\u015flenmesinin gerekli olmas\u0131 (\u201cm.5\/2-c\u201d).<\/li>\n\n\n\n<li>Veri sorumlusunun hukuki y\u00fck\u00fcml\u00fcl\u00fc\u011f\u00fcn\u00fc yerine getirebilmesi i\u00e7in zorunlu olmas\u0131 (\u201cm.5\/2- \u00e7\u201d).<\/li>\n\n\n\n<li>\u0130lgili ki\u015finin kendisi taraf\u0131ndan alenile\u015ftirilmi\u015f olmas\u0131 (\u201cm.5\/2-d\u201d).<\/li>\n\n\n\n<li>Bir hakk\u0131n tesisi, kullan\u0131lmas\u0131 veya korunmas\u0131 i\u00e7in veri i\u015flemenin zorunlu olmas\u0131 (\u201cm.5\/2-e\u201d).<\/li>\n\n\n\n<li>\u0130lgili ki\u015finin temel hak ve \u00f6zg\u00fcrl\u00fcklerine zarar vermemek kayd\u0131yla, veri sorumlusunun me\u015fru menfaatleri i\u00e7in veri i\u015flenmesinin zorunlu olmas\u0131 (\u201cm.5\/2-f\u201d).<\/li>\n<\/ul>\n\n\n\n<figure class=\"wp-block-table\"><table class=\"has-fixed-layout\"><tbody><tr><td><strong>Veri \u0130\u015fleme Amac\u0131<\/strong><\/td><td><strong>\u0130\u015flenen Ki\u015fisel Veriler<\/strong><\/td><td><strong>Veri \u0130\u015fleme \u015eartlar\u0131<\/strong><\/td><td><strong>Veri Toplama Y\u00f6ntemleri<\/strong><\/td><\/tr><tr><td>Mal\/Hizmet tedarik ve s\u00f6zle\u015fme\/ihale s\u00fcre\u00e7lerinin y\u00fcr\u00fct\u00fclmesi<\/td><td>Ad, Soyad\u0131, TCKN, \u0130mza Sirk\u00fcleri, E-Posta, Telefon, VKN, Vergi Dairesi, Banka Hesap Numaras\u0131, \u0130mza, Adres, Referans Bilgisi<\/td><td>m.5\/2-c, m.5\/2-e, m.5\/2-f.<\/td><td>Fiziki, E-Posta, Telefon (K\u0131smen otomatik ve otomatik olmayan yollarla)<\/td><\/tr><tr><td>S\u00f6zle\u015fmesel \u00f6deme s\u00fcre\u00e7lerinin y\u00fcr\u00fct\u00fclmesi<\/td><td>Ad Soyad, E-Posta, Telefon, Vergi Dairesi, TCKN, Banka Bilgisi<\/td><td>m.5\/2-c, m.5\/2-\u00e7, m.5\/2-f.<\/td><td>Telefon, E-Posta, Fiziki (K\u0131smen otomatik ve otomatik olmayan yollarla)<\/td><\/tr><tr><td>Sat\u0131\u015f ve s\u00f6zle\u015fme s\u00fcre\u00e7lerin y\u00fcr\u00fct\u00fclmesi, Sat\u0131\u015f sonras\u0131 s\u00fcre\u00e7lerinin y\u00fcr\u00fct\u00fclmesi<\/td><td>Ad, Soyad\u0131, Kimlik Bilgisi, \u0130mza Sirk\u00fcleri, E-Posta, Telefon, Vergi Dairesi, Banka Bilgisi, \u0130mza, Adres, S\u00f6zle\u015fme Tutar\u0131, Foto\u011fraf, Pasaport Fotokopisi ve Vergi Kimlik Numaras\u0131 (yabanc\u0131 ise), Abonmanl\u0131k \u0130\u015flemleri \u0130\u00e7in Vekaletname, Sigorta \u0130\u015flemleri<\/td><td>m.5\/2-c, m.5\/2-e, m.5\/2-f.<\/td><td>Fiziki, E-Posta, Telefon (K\u0131smen otomatik ve otomatik olmayan yollarla)<\/td><\/tr><tr><td>\u0130leti\u015fimin s\u00fcrd\u00fcr\u00fclebilmesi<\/td><td>Ad\u0131 Soyad\u0131, E-Posta, Telefon<\/td><td>m.5\/2-c, m.5\/2-e, m.5\/2-f.<\/td><td>E-Posta, Fiziki (K\u0131smen otomatik yollarla)<\/td><\/tr><tr><td>Konut sat\u0131\u015f \u00f6demelerinin takibi<\/td><td>Kimlik Bilgisi, Pasaport Bilgisi, Adres, Telefon, Senet Bilgisi<\/td><td>m.5\/2-c, m.5\/2-e, m.5\/2-f.<\/td><td>Fiziki, E-Posta, Telefon (K\u0131smen otomatik ve otomatik olmayan yollarla)<\/td><\/tr><tr><td>Fatura s\u00fcre\u00e7lerinin y\u00fcr\u00fct\u00fclmesi<\/td><td>Ad\u0131 soyad\u0131, TCKN, Vergi Dairesi, Telefon, Adres<\/td><td>m.5\/2-c, m.5\/2-\u00e7, m.5\/2-f.<\/td><td>Fiziki, E-Posta, Telefon (K\u0131smen otomatik ve otomatik olmayan yollarla)<\/td><\/tr><tr><td>E-Ar\u015fiv ve E- Faturaland\u0131rma s\u00fcre\u00e7lerinin y\u00fcr\u00fct\u00fclmesi<\/td><td>TCKN, Telefon, E-Posta, Banka Hesap Bilgileri, Ad\u0131 Soyad\u0131, Adres, Dairesi, MERS\u0130S no<\/td><td>m.5\/2-c, m.5\/2-\u00e7, m.5\/2-f.<\/td><td>Fiziki, E-Posta, Telefon (K\u0131smen otomatik ve otomatik olmayan yollarla)<\/td><\/tr><tr><td>M\u00fc\u015fteri\/Tedarik\u00e7i cari kart\u0131 olu\u015fturulmas\u0131<\/td><td>TCKN, Telefon, E-Posta, Ad\u0131 Soyad\u0131, Adres, Dairesi Ve Ticaret Sicil Bilgileri, Konut Bilgisi (Konut Al\u0131c\u0131s\u0131 \u0130se)<\/td><td>m.5\/2-\u00e7, m.5\/2-e.<\/td><td>Fiziki, E-Posta, (K\u0131smen otomatik ve otomatik olmayan yollarla)<\/td><\/tr><tr><td>Tedarik\u00e7i listesi olu\u015fturulmas\u0131<\/td><td>Ad\u0131 Soyad\u0131, Telefon, Adres, E- Posta<\/td><td>m.5\/2-c, m.5\/2-f.<\/td><td>S\u00f6zl\u00fc, E-Posta, (K\u0131smen otomatik olan ve olmayan yollarla)<\/td><\/tr><tr><td>\u0130yi niyet s\u00f6zle\u015fme s\u00fcre\u00e7lerinin y\u00fcr\u00fct\u00fclmesi<\/td><td>Ad\u0131 Soyad\u0131, E-posta, Telefonu<\/td><td>m.5\/2-c, m.5\/2-\u00e7, m.5\/2-f.<\/td><td>E-Posta, Telefon (K\u0131smen otomatik yollarla)<\/td><\/tr><tr><td>M\u00fc\u015fteri pazarlamalar\u0131n\u0131n ger\u00e7ekle\u015ftirilmesi, Fuar organizasyonu s\u00fcre\u00e7lerinde m\u00fc\u015fteri aday\u0131 g\u00f6r\u00fc\u015fmeleri<\/td><td>Ad\u0131 Soyad\u0131, Do\u011fum Tarihi, Medeni Durum, Telefon, E- posta, Meslek, Adres, \u00c7ocuklar\u0131n Ad\u0131 Soyad\u0131, \u00c7ocuklar\u0131n Do\u011fum Tarihi, \u0130lgilenilen Proje, \u0130leti\u015fim Tercihi Bilgisi, \u015eirketten Haberdar Olma Bilgisi, Tarih, \u0130mza, Proje tercih sebebi, B\u00fct\u00e7e- \u0130lgilenilen Konut Tipi- Ek Notlar<\/td><td>m.5\/1, m.5\/2-c, m.5\/2-e, m.5\/2-f.<\/td><td>Fiziki G\u00f6r\u00fc\u015fme, \u00c7a\u011fr\u0131 Merkezi, Sosyal Medya, Form, Dijital Kanallar (Otomatik olan ve olmayan yollarla)<\/td><\/tr><tr><td>Potansiyel m\u00fc\u015fteri ili\u015fkilerinin y\u00fcr\u00fct\u00fclmesi, sat\u0131\u015fa ili\u015fkin detayl\u0131 bilgilendirme<\/td><td>Ad\u0131 Soyad\u0131, E-posta, Telefon<\/td><td>m.5\/1<\/td><td>Fiziki, \u00c7a\u011fr\u0131 Merkezi, Sosyal Medya, Form, Dijital Kanallar (Otomatik olan ve olmayan yollarla)<\/td><\/tr><tr><td>\u0130\u015f kapsam\u0131nda proje kontrol ve onay\u0131<\/td><td>Ad\u0131 Soyad\u0131, Telefon, E-posta, Adres<\/td><td>m.5\/2-e, m.5\/2-f.<\/td><td>E-Posta, Telefon (K\u0131smen otomatik yollarla)<\/td><\/tr><tr><td>\u00c7al\u0131\u015fma alanlar\u0131n\u0131n kay\u0131t alt\u0131na al\u0131narak g\u00fcvenli\u011fin temini<\/td><td>Kamera Kayd\u0131, Ses Kayd\u0131<\/td><td>m. 5\/2-f.<\/td><td>Kamera sistemi (Otomatik yollarla)<\/td><\/tr><tr><td>Giri\u015flerde g\u00fcvenlik kontrollerinin sa\u011flanmas\u0131<\/td><td>Ad\u0131 Soyad\u0131, Ziyaret Etti\u011fi Ki\u015fi, Giri\u015f \u00c7\u0131k\u0131\u015f Saati, Plaka Bilgisi<\/td><td>m. 5\/2-f.<\/td><td>S\u00f6zl\u00fc (Otomatik olmayan yollarla)<\/td><\/tr><tr><td>\u0130\u015flem g\u00fcvenli\u011fi \u00e7er\u00e7evesinde log kay\u0131tlar\u0131n\u0131n takibi<\/td><td>Log Kay\u0131tlar\u0131, IP, Mac, User Name, Tarih, Saat, Eri\u015fim Sa\u011flad\u0131\u011f\u0131 Site<\/td><td>m.5\/2-\u00e7, m.5\/2-f.<\/td><td>Firewall (Otomatik yollarla)<\/td><\/tr><tr><td>\u0130nternet eri\u015fimi sa\u011flanmas\u0131<\/td><td>Ad Soyad, T.C. Kimlik No, Telefon, Mac Adresi<\/td><td>m.5\/2-\u00e7, m.5\/2-e, m.5\/2-f.<\/td><td>Elektronik (Otomatik olan yollarla)<\/td><\/tr><tr><td>Dijital cihaz yedekleme ve bak\u0131mlar\u0131n\u0131n yap\u0131lmas\u0131<\/td><td>Cihaz i\u00e7erisinde yer alabilecek ki\u015fisel veriler<\/td><td>m.5\/2-e, m.5\/2-f.<\/td><td>Cihaz (Otomatik olan yollarla)<\/td><\/tr><tr><td>Dava, arabuluculuk ve icra s\u00fcre\u00e7lerinin takibi<\/td><td>Dosyaya konu olan ve\/veya dosyada bulunan ki\u015fisel veriler<\/td><td>m.5\/2-a, m.5\/2-c, m.5\/2-\u00e7, m.5\/2-e, m.5\/2-f.<\/td><td>Fiziki (Otomatik olmayan yollarla)<\/td><\/tr><tr><td>Talep ve \u015fik\u00e2yet s\u00fcre\u00e7lerinin y\u00f6netimi<\/td><td>Ad, Soyad, TCKN, Telefon Numaras\u0131, E-Posta, Sorun Ya\u015fanm\u0131\u015f \u0130se Sorun Detaylar\u0131<\/td><td>m.5\/2-c, m.5\/2-e, m.5\/2-f.<\/td><td>E-Posta, Telefon, Fiziki, \u0130nternet Sitesi (K\u0131smen otomatik veya otomatik olmayan yollarla)<\/td><\/tr><tr><td>Kamu kurum ve kurulu\u015flar\u0131yla yaz\u0131\u015fmalar\u0131n y\u00fcr\u00fct\u00fclmesi<\/td><td>Talep veya bilgilendirmeye konu olan ki\u015fisel veriler<\/td><td>m.5\/2-a, m.5\/2-c, m.5\/2-\u00e7<\/td><td>Fiziki, e-posta (Otomatik olmayan veya k\u0131smen otomatik yollarla)<\/td><\/tr><\/tbody><\/table><\/figure>\n\n\n\n<p>B. Ki\u015fisel Verilerin Aktar\u0131lmas\u0131<\/p>\n\n\n\n<p>\u0130\u015flenen ki\u015fisel verileriniz yukar\u0131daki ama\u00e7larla ve KVKK\u2019n\u0131n belirledi\u011fi ko\u015fullar \u00e7er\u00e7evesinde aktar\u0131labilmektedir:<\/p>\n\n\n\n<ul class=\"wp-block-list\">\n<li>Yetkili ve ilgili kamu kurum ve kurulu\u015flar\u0131n\u0131n talepleri do\u011frultusunda ve yasal d\u00fczenlemeler \u00e7er\u00e7evesinde talepleriyle ba\u011flant\u0131l\u0131 ve s\u0131n\u0131rl\u0131 olmak \u00fczere hukuken yetkili ve ilgili kamu kurum ve kurulu\u015flar\u0131na,<\/li>\n\n\n\n<li>S\u00f6zle\u015fmesel haklar\u0131n kullan\u0131lmas\u0131 ve y\u00fck\u00fcml\u00fcl\u00fcklerin yerine getirilmesi, \u00f6deme ve vergisel s\u00fcre\u00e7lerin y\u00fcr\u00fct\u00fclmesi, faaliyet g\u00f6sterdi\u011fimiz sekt\u00f6re \u00f6zg\u00fc i\u015flemlerimizin y\u00fcr\u00fct\u00fclmesi amac\u0131yla bankalara, tedarik\u00e7ilerimize, yurt i\u00e7i veya yurt d\u0131\u015f\u0131nda bulunan i\u015f ortaklar\u0131m\u0131za,<\/li>\n\n\n\n<li>S\u00f6zle\u015fmesel ve hukuki y\u00fck\u00fcml\u00fcl\u00fcklerimizin yerine getirilmesi amac\u0131yla ba\u011f\u0131ms\u0131z denetim \u015firketlerine, alan\u0131nda uzman dan\u0131\u015fmanlara, denetleyici ve d\u00fczenleyici makamlara, yetkili kurum ve kurulu\u015flara, yurt i\u00e7i veya yurt d\u0131\u015f\u0131nda bulunan i\u015f ortaklar\u0131m\u0131za,<\/li>\n\n\n\n<li>\u0130\u015f orta\u011f\u0131m\u0131z ad\u0131na ger\u00e7ekle\u015ftirilen mal al\u0131mlar\u0131nda lojistik s\u00fcre\u00e7lerin y\u00fcr\u00fct\u00fclmesi amac\u0131yla yurt i\u00e7i veya yurt d\u0131\u015f\u0131nda bulunan i\u015f ortaklar\u0131m\u0131za,<\/li>\n\n\n\n<li>Projelerimiz hakk\u0131nda bilgilendirme, tan\u0131t\u0131m, reklam vb. kapsam\u0131nda ileti\u015fim s\u00fcre\u00e7lerinin y\u00fcr\u00fct\u00fclmesi amac\u0131yla yetkili \u00e7a\u011fr\u0131 merkezi tedarik\u00e7imize,<\/li>\n\n\n\n<li>Gerekli kalite, gizlilik ve standartlar\u0131n olu\u015fturulmas\u0131 amac\u0131yla hizmet ald\u0131\u011f\u0131m\u0131z tedarik\u00e7ilerimize, denetim firmalar\u0131na, bilgi g\u00fcvenli\u011fi firmalar\u0131na,<\/li>\n\n\n\n<li>\u015eirketimizin faaliyet konular\u0131n\u0131 ger\u00e7ekle\u015ftirebilmek amac\u0131yla i\u015f birli\u011fi i\u00e7inde oldu\u011fumuz ger\u00e7ek ve t\u00fczel ki\u015filer ile kamu kurum ve kurulu\u015flar\u0131na,<\/li>\n\n\n\n<li>\u015eirket g\u00fcvenli\u011fini sa\u011flamak ve yasal s\u00fcre\u00e7lerin ba\u015flat\u0131lmas\u0131n\u0131 sa\u011flamak amac\u0131yla emniyet, mahkemeler ve yetkili kurum ve kurulu\u015flara, yetkili dan\u0131\u015fmanlar\u0131m\u0131za,<\/li>\n\n\n\n<li>\u015eirket reklam ve tan\u0131m\u0131n\u0131 ger\u00e7ekle\u015ftirmek amac\u0131yla herkese a\u00e7\u0131k bir \u015fekilde internet sitesi, sosyal medya hesaplar\u0131, yaz\u0131l\u0131 ve bas\u0131l\u0131 olarak payla\u015f\u0131m ve bu kapsamda yetkili tedarik\u00e7ilerimize,<\/li>\n\n\n\n<li>Tamir, bak\u0131m, onar\u0131m ve servis hizmetleri y\u00fcr\u00fcten \u00e7\u00f6z\u00fcm orta\u011f\u0131 \u015firketlere, tedarik\u00e7ilerimize ve bu alanda faaliyet g\u00f6steren firmalara,<\/li>\n\n\n\n<li>\u015eirket b\u00fcnyesinde kulland\u0131\u011f\u0131m\u0131z i\u015fletim sistemleri, bilgisayar programlar\u0131, yaz\u0131l\u0131mlar, bulut hizmeti ve bunlar\u0131n bak\u0131m ve onar\u0131m\u0131n\u0131n yap\u0131lmas\u0131 amac\u0131yla yurt i\u00e7i ve yurt d\u0131\u015f\u0131nda kurulu yaz\u0131l\u0131m firmalar\u0131na, bu alanda faaliyet g\u00f6steren tedarik\u00e7ilerimize,<\/li>\n\n\n\n<li>\u015eirketin bilinirli\u011fini ve marka de\u011ferini art\u0131rmak, internet altyap\u0131s\u0131n\u0131 geli\u015ftirmek ve g\u00fcncelli\u011fi korumak amac\u0131yla yurt i\u00e7i ve\/veya yurt d\u0131\u015f\u0131nda yer alan tedarik\u00e7ilerimize ve i\u015f ortaklar\u0131m\u0131za,<\/li>\n\n\n\n<li>G\u00fcvenlik, teknoloji ve bulut hizmetleri kapsam\u0131nda dijital verilerin yurt i\u00e7i ve yurt d\u0131\u015f\u0131nda kurulu ve bu alanda hizmetleri veren kurum\/kurulu\u015flara aktar\u0131labilecektir.<\/li>\n<\/ul>\n\n\n\n<p>C. \u0130lgili Ki\u015finin Haklar\u0131<\/p>\n\n\n\n<p>Herkes, KVKK\u2019n\u0131n 11. maddesi uyar\u0131nca a\u015fa\u011f\u0131daki haklara sahiptir;<\/p>\n\n\n\n<ul class=\"wp-block-list\">\n<li>Ki\u015fisel verisinin i\u015flenip i\u015flenmedi\u011fini \u00f6\u011frenme,<\/li>\n\n\n\n<li>Ki\u015fisel verileri i\u015flenmi\u015fse buna ili\u015fkin bilgi talep etme,<\/li>\n\n\n\n<li>Ki\u015fisel verilerin i\u015flenme amac\u0131n\u0131 ve bunlar\u0131n amac\u0131na uygun kullan\u0131l\u0131p kullan\u0131lmad\u0131\u011f\u0131n\u0131 \u00f6\u011frenme,<\/li>\n\n\n\n<li>Yurt i\u00e7inde veya yurt d\u0131\u015f\u0131nda ki\u015fisel verilerin aktar\u0131ld\u0131\u011f\u0131 \u00fc\u00e7\u00fcnc\u00fc ki\u015fileri bilme,<\/li>\n\n\n\n<li>Ki\u015fisel verilerin eksik veya yanl\u0131\u015f i\u015flenmi\u015f olmas\u0131 h\u00e2linde bunlar\u0131n d\u00fczeltilmesini isteme ve bu kapsamda yap\u0131lan i\u015flemin ki\u015fisel verilerin aktar\u0131ld\u0131\u011f\u0131 \u00fc\u00e7\u00fcnc\u00fc ki\u015filere bildirilmesini isteme,<\/li>\n\n\n\n<li>KVKK ve ilgili di\u011fer kanun h\u00fck\u00fcmlerine uygun olarak i\u015flenmi\u015f olmas\u0131na ra\u011fmen, i\u015flenmesini gerektiren sebeplerin ortadan kalkmas\u0131 h\u00e2linde ki\u015fisel verilerin silinmesini veya yok edilmesini isteme ve bu kapsamda yap\u0131lan i\u015flemin ki\u015fisel verilerin aktar\u0131ld\u0131\u011f\u0131 \u00fc\u00e7\u00fcnc\u00fc ki\u015filere bildirilmesini isteme,<\/li>\n\n\n\n<li>\u0130\u015flenen verilerin m\u00fcnhas\u0131ran otomatik sistemler vas\u0131tas\u0131yla analiz edilmesi suretiyle ki\u015finin kendisi aleyhine bir sonucun ortaya \u00e7\u0131kmas\u0131na itiraz etme,<\/li>\n\n\n\n<li>Ki\u015fisel verilerin kanuna ayk\u0131r\u0131 olarak i\u015flenmesi sebebiyle zarara u\u011framas\u0131 h\u00e2linde zarar\u0131n giderilmesini talep etme.<\/li>\n<\/ul>\n\n\n\n<p>Herkes bu haklar\u0131na ili\u015fkin taleplerini Veri Sorumlusuna Ba\u015fvuru Usul ve Esaslar\u0131 Hakk\u0131nda Tebli\u011f\u2019e uygun bir \u015fekilde \u015eirketimize iletebilir. Talepler en k\u0131sa s\u00fcrede ve nihayetinde en ge\u00e7 otuz (30) g\u00fcn i\u00e7erisinde \u00fccretsiz olarak de\u011ferlendirilip karara ba\u011flanacakt\u0131r. De\u011ferlendirme ve karar verme i\u015fleminin ayr\u0131ca bir maliyeti gerektirmesi durumunda Ki\u015fisel Verileri Koruma Kurulu taraf\u0131ndan belirlenen tarifedeki \u00fccret esas al\u0131nacakt\u0131r.<\/p>\n","protected":false},"excerpt":{"rendered":"<p>6698 SAYILI K\u0130\u015e\u0130SEL VER\u0130LER\u0130N KORUNMASI KANUNU KAPSAMINDA AYDINLATMA METN\u0130 Opendo (\u201c\u015eirket\u201d), y\u00fcr\u00fctmekte oldu\u011fu faaliyetler nedeniyle ki\u015fisel verilerinizin i\u015flenmesinde 6698 say\u0131l\u0131 Ki\u015fisel Verilerin Korunmas\u0131 Kanunu\u2019na (\u201cKVKK\u201d) uygun olarak her t\u00fcrl\u00fc teknik ve hukuki tedbiri almaktad\u0131r. \u0130lgili ki\u015filer, ki\u015fisel verilerinin i\u015flenmesi, \u00fc\u00e7\u00fcnc\u00fc ki\u015filere aktar\u0131lmas\u0131, ki\u015fisel veri toplaman\u0131n hukuki sebepleri ile KVKK\u2019da yer alan haklar\u0131 konular\u0131nda detayl\u0131 bilgiye [&hellip;]<\/p>\n","protected":false},"author":1,"featured_media":0,"parent":0,"menu_order":0,"comment_status":"closed","ping_status":"closed","template":"","meta":{"footnotes":""},"class_list":["post-204","page","type-page","status-publish","hentry"],"_links":{"self":[{"href":"https:\/\/opendowear.com\/index.php?rest_route=\/wp\/v2\/pages\/204","targetHints":{"allow":["GET"]}}],"collection":[{"href":"https:\/\/opendowear.com\/index.php?rest_route=\/wp\/v2\/pages"}],"about":[{"href":"https:\/\/opendowear.com\/index.php?rest_route=\/wp\/v2\/types\/page"}],"author":[{"embeddable":true,"href":"https:\/\/opendowear.com\/index.php?rest_route=\/wp\/v2\/users\/1"}],"replies":[{"embeddable":true,"href":"https:\/\/opendowear.com\/index.php?rest_route=%2Fwp%2Fv2%2Fcomments&post=204"}],"version-history":[{"count":2,"href":"https:\/\/opendowear.com\/index.php?rest_route=\/wp\/v2\/pages\/204\/revisions"}],"predecessor-version":[{"id":206,"href":"https:\/\/opendowear.com\/index.php?rest_route=\/wp\/v2\/pages\/204\/revisions\/206"}],"wp:attachment":[{"href":"https:\/\/opendowear.com\/index.php?rest_route=%2Fwp%2Fv2%2Fmedia&parent=204"}],"curies":[{"name":"wp","href":"https:\/\/api.w.org\/{rel}","templated":true}]}}