{"id":207,"date":"2025-04-29T00:05:33","date_gmt":"2025-04-29T00:05:33","guid":{"rendered":"https:\/\/opendowear.com\/?page_id=207"},"modified":"2025-04-29T00:06:36","modified_gmt":"2025-04-29T00:06:36","slug":"ticari-elektronik-ileti-acik-riza-metni","status":"publish","type":"page","link":"https:\/\/opendowear.com\/?page_id=207","title":{"rendered":"Ticari Elektronik \u0130leti A\u00e7\u0131k R\u0131za Metni"},"content":{"rendered":"\n<p>\u0130\u015fbu metin, 6563 say\u0131l\u0131 Elektronik Ticaretin D\u00fczenlenmesi Hakk\u0131nda Kanun ve Ticari \u0130leti\u015fim ve Ticari Elektronik \u0130letiler Hakk\u0131nda Y\u00f6netmelik kapsam\u0131nda, Opendo, ba\u011fl\u0131 \u015firketleri, grup \u015firketleri ve i\u015ftirakleri taraf\u0131ndan sunulan her t\u00fcrl\u00fc \u00fcr\u00fcn ve hizmetler ile bunlara ili\u015fkin \u00e7e\u015fitli avantajlar\u0131n sa\u011flan\u0131p sunulabilmesi ve \u00e7e\u015fitli tan\u0131t\u0131m, anket, kutlama, temenni, promosyon, reklam sat\u0131\u015f ve pazarlama amac\u0131yla taraf\u0131ma; SMS\/k\u0131sa mesaj, anl\u0131k bildirim, sosyal medya ve di\u011fer online reklam a\u011flar\u0131, otomatik arama, \u00e7a\u011fr\u0131 merkezi, bilgisayar, telefon, faks, e-posta\/mail, whatsapp, bluetooth, di\u011fer kablosuz a\u011flar ve benzeri internet uygulamalar\u0131 \u00fczerinden elektronik ileti\u015fim ara\u00e7lar\u0131 ile ticari elektronik iletiler ve di\u011fer iletiler g\u00f6nderilmesine onay\u0131m\u0131 i\u00e7ermektedir.<\/p>\n\n\n\n<p>Taraf\u0131ma g\u00f6nderilecek ticari elektronik iletilere ili\u015fkin i\u015fbu metni okudu\u011fumu ve anlad\u0131\u011f\u0131m\u0131 kabul ve beyan ediyorum. Bu kapsamda taraf\u0131ma ticari elektronik ileti g\u00f6nderilmesine a\u00e7\u0131k r\u0131za ve onay veriyorum.<\/p>\n","protected":false},"excerpt":{"rendered":"<p>\u0130\u015fbu metin, 6563 say\u0131l\u0131 Elektronik Ticaretin D\u00fczenlenmesi Hakk\u0131nda Kanun ve Ticari \u0130leti\u015fim ve Ticari Elektronik \u0130letiler Hakk\u0131nda Y\u00f6netmelik kapsam\u0131nda, Opendo, ba\u011fl\u0131 \u015firketleri, grup \u015firketleri ve i\u015ftirakleri taraf\u0131ndan sunulan her t\u00fcrl\u00fc \u00fcr\u00fcn ve hizmetler ile bunlara ili\u015fkin \u00e7e\u015fitli avantajlar\u0131n sa\u011flan\u0131p sunulabilmesi ve \u00e7e\u015fitli tan\u0131t\u0131m, anket, kutlama, temenni, promosyon, reklam sat\u0131\u015f ve pazarlama amac\u0131yla taraf\u0131ma; SMS\/k\u0131sa mesaj, [&hellip;]<\/p>\n","protected":false},"author":1,"featured_media":0,"parent":0,"menu_order":0,"comment_status":"closed","ping_status":"closed","template":"","meta":{"footnotes":""},"class_list":["post-207","page","type-page","status-publish","hentry"],"_links":{"self":[{"href":"https:\/\/opendowear.com\/index.php?rest_route=\/wp\/v2\/pages\/207","targetHints":{"allow":["GET"]}}],"collection":[{"href":"https:\/\/opendowear.com\/index.php?rest_route=\/wp\/v2\/pages"}],"about":[{"href":"https:\/\/opendowear.com\/index.php?rest_route=\/wp\/v2\/types\/page"}],"author":[{"embeddable":true,"href":"https:\/\/opendowear.com\/index.php?rest_route=\/wp\/v2\/users\/1"}],"replies":[{"embeddable":true,"href":"https:\/\/opendowear.com\/index.php?rest_route=%2Fwp%2Fv2%2Fcomments&post=207"}],"version-history":[{"count":1,"href":"https:\/\/opendowear.com\/index.php?rest_route=\/wp\/v2\/pages\/207\/revisions"}],"predecessor-version":[{"id":208,"href":"https:\/\/opendowear.com\/index.php?rest_route=\/wp\/v2\/pages\/207\/revisions\/208"}],"wp:attachment":[{"href":"https:\/\/opendowear.com\/index.php?rest_route=%2Fwp%2Fv2%2Fmedia&parent=207"}],"curies":[{"name":"wp","href":"https:\/\/api.w.org\/{rel}","templated":true}]}}