{"id":110,"date":"2025-03-11T23:34:59","date_gmt":"2025-03-11T23:34:59","guid":{"rendered":"https:\/?post_type=product&#038;p=110"},"modified":"2025-03-11T23:34:59","modified_gmt":"2025-03-11T23:34:59","slug":"opendo-kadin-esofman-alti","status":"publish","type":"product","link":"https:\/\/opendowear.com\/?product=opendo-kadin-esofman-alti","title":{"rendered":"Opendo Kad\u0131n E\u015fofman Alt\u0131"},"content":{"rendered":"<p>Opendo Kad\u0131n E\u015fofman Alt\u0131<\/p>\n","protected":false},"excerpt":{"rendered":"<p>Opendo Kad\u0131n E\u015fofman Alt\u0131<\/p>\n","protected":false},"featured_media":112,"comment_status":"open","ping_status":"closed","template":"","meta":[],"product_brand":[25],"product_cat":[21],"product_tag":[40,39,35,36,31],"class_list":{"0":"post-110","1":"product","2":"type-product","3":"status-publish","4":"has-post-thumbnail","6":"product_brand-opendo","7":"product_cat-esofman-alti","8":"product_tag-esofman-alti","9":"product_tag-kadin-esofman-alti","10":"product_tag-opendo","11":"product_tag-opendo-wear","12":"product_tag-spor-giyim","14":"first","15":"instock","16":"shipping-taxable","17":"product-type-simple"},"wc_booster_product_categories":[{"id":21,"name":"E\u015fofman Alt\u0131"}],"wc_booster_product_price":null,"wc_booster_product_rating":"","wc_booster_product_banner_img":false,"wc_booster_product_reviews":[],"wc_booster_product_stock_data":{"manage_stock":false,"total_stock":null,"sold_stock":0},"_links":{"self":[{"href":"https:\/\/opendowear.com\/index.php?rest_route=\/wp\/v2\/product\/110","targetHints":{"allow":["GET"]}}],"collection":[{"href":"https:\/\/opendowear.com\/index.php?rest_route=\/wp\/v2\/product"}],"about":[{"href":"https:\/\/opendowear.com\/index.php?rest_route=\/wp\/v2\/types\/product"}],"replies":[{"embeddable":true,"href":"https:\/\/opendowear.com\/index.php?rest_route=%2Fwp%2Fv2%2Fcomments&post=110"}],"wp:featuredmedia":[{"embeddable":true,"href":"https:\/\/opendowear.com\/index.php?rest_route=\/wp\/v2\/media\/112"}],"wp:attachment":[{"href":"https:\/\/opendowear.com\/index.php?rest_route=%2Fwp%2Fv2%2Fmedia&parent=110"}],"wp:term":[{"taxonomy":"product_brand","embeddable":true,"href":"https:\/\/opendowear.com\/index.php?rest_route=%2Fwp%2Fv2%2Fproduct_brand&post=110"},{"taxonomy":"product_cat","embeddable":true,"href":"https:\/\/opendowear.com\/index.php?rest_route=%2Fwp%2Fv2%2Fproduct_cat&post=110"},{"taxonomy":"product_tag","embeddable":true,"href":"https:\/\/opendowear.com\/index.php?rest_route=%2Fwp%2Fv2%2Fproduct_tag&post=110"}],"curies":[{"name":"wp","href":"https:\/\/api.w.org\/{rel}","templated":true}]}}