{"id":251,"date":"2025-05-02T22:16:12","date_gmt":"2025-05-02T22:16:12","guid":{"rendered":"https:\/\/opendowear.com\/?post_type=product&#038;p=251"},"modified":"2025-05-13T21:05:02","modified_gmt":"2025-05-13T21:05:02","slug":"opendo-toparlayici-yuksek-bel-siyah-cepli-tayt","status":"publish","type":"product","link":"https:\/\/opendowear.com\/?product=opendo-toparlayici-yuksek-bel-siyah-cepli-tayt","title":{"rendered":"OPENDO Toparlay\u0131c\u0131 Y\u00fcksek Bel Siyah Cepli Tayt"},"content":{"rendered":"<div>&#8211; Y\u00fcksek bel tasar\u0131m\u0131 sayesinde m\u00fckemmel bir oturu\u015f sa\u011flar ve v\u00fccut hatlar\u0131n\u0131 toparlar.<\/div>\n<div>&#8211; Scuba kuma\u015f\u0131, esnek yap\u0131s\u0131yla hareket \u00f6zg\u00fcrl\u00fc\u011f\u00fc sunarken \u015f\u0131k bir g\u00f6r\u00fcn\u00fcm kazand\u0131r\u0131r.<\/div>\n<div>&#8211; Karyoka diki\u015fi detaylar\u0131yla dayan\u0131kl\u0131l\u0131k ve esteti\u011fi bir arada sunar.<\/div>\n<div>&#8211; D\u00fcz kesimiyle her t\u00fcrl\u00fc \u00fcst giyimle kolayca kombinlenebilir; zamans\u0131z bir stil olu\u015fturur.<\/div>\n<div>&#8211; Her ya\u015f grubuna hitap eden geni\u015f kullan\u0131c\u0131 yelpazesi ile herkes i\u00e7in idealdir.<\/div>\n<div>&#8211; T\u00fcm sezonlarda rahatl\u0131kla tercih edilebilecek \u00e7ok y\u00f6nl\u00fcl\u00fc\u011fe sahiptir.<\/div>\n<div>&#8211; Dar pa\u00e7a tasar\u0131m\u0131 modern ve \u015f\u0131k bir siluet \u00e7izerken slim kal\u0131b\u0131yla v\u00fccuda m\u00fckemmel uyum sa\u011flar.<\/div>\n<div>&#8211; G\u00fcnl\u00fck ortamlarda bile \u015f\u0131kl\u0131\u011f\u0131n\u0131zdan \u00f6d\u00fcn vermeden kullanabilece\u011finiz d\u00fcz deseniyle sadelikten yana olanlar\u0131n tercihi olacak.<\/div>\n<div><\/div>\n<div><b><u>\u00dcr\u00fcn \u0130\u00e7eri\u011fi: %90 Polyester %10 Spandex<\/u><\/b><\/div>\n<div><\/div>\n<div><b><u>Y\u0131kama Talimatlar\u0131;<\/u><\/b><\/div>\n<div><\/div>\n<div>&#8211; Klorlu beyazlatma ve leke giderilmesi yap\u0131lamaz.<\/div>\n<div>&#8211; \u00dct\u00fclenemez. Buharl\u0131 i\u015flemler yap\u0131lamaz.<\/div>\n<div>&#8211; Kuru temizleme i\u015flemine izin verilemez.<\/div>\n<div>&#8211; Lekelerin \u00e7\u00f6z\u00fcc\u00fclerle giderilmesine izin verilmez.<\/div>\n","protected":false},"excerpt":{"rendered":"<p>&#8211; Y\u00fcksek bel tasar\u0131m\u0131 sayesinde m\u00fckemmel bir oturu\u015f sa\u011flar ve v\u00fccut hatlar\u0131n\u0131 toparlar. &#8211; Scuba kuma\u015f\u0131, esnek yap\u0131s\u0131yla hareket \u00f6zg\u00fcrl\u00fc\u011f\u00fc sunarken \u015f\u0131k bir g\u00f6r\u00fcn\u00fcm kazand\u0131r\u0131r. &#8211; Karyoka diki\u015fi detaylar\u0131yla dayan\u0131kl\u0131l\u0131k ve esteti\u011fi bir arada sunar. &#8211; D\u00fcz kesimiyle her t\u00fcrl\u00fc \u00fcst giyimle kolayca kombinlenebilir; zamans\u0131z bir stil olu\u015fturur. &#8211; Her ya\u015f grubuna hitap eden geni\u015f [&hellip;]<\/p>\n","protected":false},"featured_media":252,"comment_status":"open","ping_status":"closed","template":"","meta":[],"product_brand":[25],"product_cat":[22],"product_tag":[],"class_list":{"0":"post-251","1":"product","2":"type-product","3":"status-publish","4":"has-post-thumbnail","6":"product_brand-opendo","7":"product_cat-tayt","9":"first","10":"instock","11":"shipping-taxable","12":"product-type-simple"},"wc_booster_product_categories":[{"id":22,"name":"Tayt"}],"wc_booster_product_price":null,"wc_booster_product_rating":"","wc_booster_product_banner_img":false,"wc_booster_product_reviews":[],"wc_booster_product_stock_data":{"manage_stock":false,"total_stock":null,"sold_stock":0},"_links":{"self":[{"href":"https:\/\/opendowear.com\/index.php?rest_route=\/wp\/v2\/product\/251","targetHints":{"allow":["GET"]}}],"collection":[{"href":"https:\/\/opendowear.com\/index.php?rest_route=\/wp\/v2\/product"}],"about":[{"href":"https:\/\/opendowear.com\/index.php?rest_route=\/wp\/v2\/types\/product"}],"replies":[{"embeddable":true,"href":"https:\/\/opendowear.com\/index.php?rest_route=%2Fwp%2Fv2%2Fcomments&post=251"}],"wp:featuredmedia":[{"embeddable":true,"href":"https:\/\/opendowear.com\/index.php?rest_route=\/wp\/v2\/media\/252"}],"wp:attachment":[{"href":"https:\/\/opendowear.com\/index.php?rest_route=%2Fwp%2Fv2%2Fmedia&parent=251"}],"wp:term":[{"taxonomy":"product_brand","embeddable":true,"href":"https:\/\/opendowear.com\/index.php?rest_route=%2Fwp%2Fv2%2Fproduct_brand&post=251"},{"taxonomy":"product_cat","embeddable":true,"href":"https:\/\/opendowear.com\/index.php?rest_route=%2Fwp%2Fv2%2Fproduct_cat&post=251"},{"taxonomy":"product_tag","embeddable":true,"href":"https:\/\/opendowear.com\/index.php?rest_route=%2Fwp%2Fv2%2Fproduct_tag&post=251"}],"curies":[{"name":"wp","href":"https:\/\/api.w.org\/{rel}","templated":true}]}}