{"id":317,"date":"2025-05-02T22:31:51","date_gmt":"2025-05-02T22:31:51","guid":{"rendered":"https:\/\/opendowear.com\/?post_type=product&#038;p=317"},"modified":"2025-05-13T21:04:04","modified_gmt":"2025-05-13T21:04:04","slug":"opendo-kadin-yuksek-bel-jogger-salas-esofman-alti-siyah","status":"publish","type":"product","link":"https:\/\/opendowear.com\/?product=opendo-kadin-yuksek-bel-jogger-salas-esofman-alti-siyah","title":{"rendered":"OPENDO Kad\u0131n Y\u00fcksek Bel Jogger Sala\u015f E\u015fofman Alt\u0131 Siyah"},"content":{"rendered":"<div>&#8211; Y\u00fcksek bel tasar\u0131m\u0131 ile konforlu bir kullan\u0131m sunar ve v\u00fccut hatlar\u0131n\u0131 nazik\u00e7e sararak \u015f\u0131k bir g\u00f6r\u00fcn\u00fcm sa\u011flar.<\/div>\n<div>&#8211; %80 pamuk i\u00e7eri\u011fi sayesinde nefes alabilen yap\u0131s\u0131yla g\u00fcn boyu rahatl\u0131k hissi verir.<\/div>\n<div>&#8211; Jogger silueti ile spor \u015f\u0131kl\u0131\u011f\u0131n\u0131 g\u00fcnl\u00fck ya\u015fama ta\u015f\u0131r; rahat kesimi sayesinde her ortamda rahatl\u0131kla tercih edilir.<\/div>\n<div>&#8211; T\u00fcm sezonlarda kullan\u0131labilen bu e\u015fofman alt\u0131, mevsimsel de\u011fi\u015fimlere uyum sa\u011flar.<\/div>\n<div>&#8211; G\u00fcnl\u00fck kullan\u0131m i\u00e7in idealdir; spor salonundan sokak modas\u0131na kadar her ortamda rahatl\u0131kla tercih edilebilir.<\/div>\n<div>&#8211; 30 derecede y\u0131kama talimat\u0131na uygun \u015fekilde temizlenmesi kolayd\u0131r; b\u00f6ylece \u00fcr\u00fcn\u00fcn\u00fcz uzun s\u00fcre ilk g\u00fcnk\u00fc gibi kal\u0131r.<\/div>\n<div>&#8211; Beli lastikli yap\u0131s\u0131 sayesinde v\u00fccuda m\u00fckemmel uyum sa\u011flar ve hareket serbestli\u011fi sunar.<\/div>\n<div>&#8211; Penye dokuma tipi yumu\u015fakl\u0131k hissi verirken dayan\u0131kl\u0131l\u0131\u011f\u0131 artt\u0131r\u0131r; b\u00f6ylece s\u0131k kullan\u0131m i\u00e7in idealdir.<\/div>\n<div>&#8211; Lastikli pa\u00e7a detay\u0131 modern bir dokunu\u015f katarken ayn\u0131 zamanda konforlu bir oturu\u015f sa\u011flar.<\/div>\n<div>-Jogger kal\u0131b\u0131yla trendlere ayak uydurman\u0131z\u0131 sa\u011flar.<\/div>\n<div>&#8211; Regular boy kesimiyle farkl\u0131 v\u00fccut tiplerine uyum g\u00f6stererek her bedene uygunluk g\u00f6sterir.<\/div>\n<div><\/div>\n<ul>\n<li>Manken \u00fczerindeki beden 36\/S<\/li>\n<li>Manken \u00d6l\u00e7\u00fcleri 90\/64\/93 178cm<\/li>\n<\/ul>\n","protected":false},"excerpt":{"rendered":"<p>&#8211; Y\u00fcksek bel tasar\u0131m\u0131 ile konforlu bir kullan\u0131m sunar ve v\u00fccut hatlar\u0131n\u0131 nazik\u00e7e sararak \u015f\u0131k bir g\u00f6r\u00fcn\u00fcm sa\u011flar. &#8211; %80 pamuk i\u00e7eri\u011fi sayesinde nefes alabilen yap\u0131s\u0131yla g\u00fcn boyu rahatl\u0131k hissi verir. &#8211; Jogger silueti ile spor \u015f\u0131kl\u0131\u011f\u0131n\u0131 g\u00fcnl\u00fck ya\u015fama ta\u015f\u0131r; rahat kesimi sayesinde her ortamda rahatl\u0131kla tercih edilir. &#8211; T\u00fcm sezonlarda kullan\u0131labilen bu e\u015fofman alt\u0131, [&hellip;]<\/p>\n","protected":false},"featured_media":318,"comment_status":"open","ping_status":"closed","template":"","meta":[],"product_brand":[25],"product_cat":[21],"product_tag":[],"class_list":{"0":"post-317","1":"product","2":"type-product","3":"status-publish","4":"has-post-thumbnail","6":"product_brand-opendo","7":"product_cat-esofman-alti","9":"first","10":"instock","11":"shipping-taxable","12":"product-type-simple"},"wc_booster_product_categories":[{"id":21,"name":"E\u015fofman Alt\u0131"}],"wc_booster_product_price":null,"wc_booster_product_rating":"","wc_booster_product_banner_img":false,"wc_booster_product_reviews":[],"wc_booster_product_stock_data":{"manage_stock":false,"total_stock":null,"sold_stock":0},"_links":{"self":[{"href":"https:\/\/opendowear.com\/index.php?rest_route=\/wp\/v2\/product\/317","targetHints":{"allow":["GET"]}}],"collection":[{"href":"https:\/\/opendowear.com\/index.php?rest_route=\/wp\/v2\/product"}],"about":[{"href":"https:\/\/opendowear.com\/index.php?rest_route=\/wp\/v2\/types\/product"}],"replies":[{"embeddable":true,"href":"https:\/\/opendowear.com\/index.php?rest_route=%2Fwp%2Fv2%2Fcomments&post=317"}],"wp:featuredmedia":[{"embeddable":true,"href":"https:\/\/opendowear.com\/index.php?rest_route=\/wp\/v2\/media\/318"}],"wp:attachment":[{"href":"https:\/\/opendowear.com\/index.php?rest_route=%2Fwp%2Fv2%2Fmedia&parent=317"}],"wp:term":[{"taxonomy":"product_brand","embeddable":true,"href":"https:\/\/opendowear.com\/index.php?rest_route=%2Fwp%2Fv2%2Fproduct_brand&post=317"},{"taxonomy":"product_cat","embeddable":true,"href":"https:\/\/opendowear.com\/index.php?rest_route=%2Fwp%2Fv2%2Fproduct_cat&post=317"},{"taxonomy":"product_tag","embeddable":true,"href":"https:\/\/opendowear.com\/index.php?rest_route=%2Fwp%2Fv2%2Fproduct_tag&post=317"}],"curies":[{"name":"wp","href":"https:\/\/api.w.org\/{rel}","templated":true}]}}