{"id":449,"date":"2025-05-02T23:05:08","date_gmt":"2025-05-02T23:05:08","guid":{"rendered":"https:\/\/opendowear.com\/?post_type=product&#038;p=449"},"modified":"2025-05-13T21:00:09","modified_gmt":"2025-05-13T21:00:09","slug":"opendo-yuksek-bel-toparlayici-ispanyol-paca-kadin-gri-tayt-pantolon","status":"publish","type":"product","link":"https:\/\/opendowear.com\/?product=opendo-yuksek-bel-toparlayici-ispanyol-paca-kadin-gri-tayt-pantolon","title":{"rendered":"OPENDO Y\u00fcksek Bel Toparlay\u0131c\u0131 Ispanyol Pa\u00e7a Kad\u0131n Gri Tayt Pantolon"},"content":{"rendered":"<div>&#8211; Y\u00fcksek bel tasar\u0131m\u0131 sayesinde m\u00fckemmel bir toparlama etkisi sunar, v\u00fccut hatlar\u0131n\u0131 daha s\u0131k\u0131 ve d\u00fczg\u00fcn g\u00f6sterir.<\/div>\n<div>&#8211; Ispanyol pa\u00e7a kesimi ile modern ve \u015f\u0131k bir g\u00f6r\u00fcn\u00fcm sa\u011flar, g\u00fcnl\u00fck kullan\u0131m i\u00e7in idealdir.<\/div>\n<div>&#8211; Toparlay\u0131c\u0131 ek \u00f6zellikleriyle kilo de\u011fi\u015fimlerine kar\u015f\u0131 diren\u00e7 g\u00f6stererek istenmeyen g\u00f6r\u00fcnt\u00fcleri minimize eder.<\/div>\n<div>&#8211; Dokuma tipi sayesinde yumu\u015fak dokusuyla cildinize nazik\u00e7e dokunurken dayan\u0131kl\u0131l\u0131\u011f\u0131ndan \u00f6d\u00fcn vermez.<\/div>\n<div>&#8211; Pa\u00e7a detaylar\u0131 ile dinamik ve trend bir stil olu\u015fturman\u0131zda yard\u0131mc\u0131 olur; her t\u00fcrl\u00fc \u00fcst giyimle kolayca kombinlenebilir.<\/div>\n<div>&#8211; Slim fit siluetiyle v\u00fccudu sararak zarif bir duru\u015f sergilerken ayn\u0131 zamanda rahatl\u0131k hissi verir.<\/div>\n<div>&#8211; T\u00fcm sezonlarda tercih edebilece\u011finiz bu \u00fcr\u00fcn, mevsimsel ge\u00e7i\u015flerde de vazge\u00e7ilmez olacak.<\/div>\n<div>&#8211; Likra i\u00e7eri\u011fi sayesinde esneklik kazand\u0131rarak g\u00fcn boyu konforlu bir deneyim ya\u015faman\u0131z\u0131 sa\u011flar.<\/div>\n<div>&#8211; G\u00fcnl\u00fck ortamlarda rahatl\u0131kla kullanabilece\u011finiz bu tayt, d\u00fcz deseniyle sadeli\u011fi \u00f6n plana \u00e7\u0131kart\u0131r.<\/div>\n<ul>\n<li>\u00a0\u00a0\u00a0\u00a0\u00a0\u00a0\u00a0\u00a0\u00a0\u00a0\u00a0\u00a0\u00a0\u00a0\u00a0<b><u>Model \u00d6l\u00e7\u00fcleri: G\u00f6\u011f\u00fcs 88 cm, Bel 65 cm, Basen 95 cm, Boy 174 cm<\/u><\/b><\/li>\n<li>\u00a0\u00a0\u00a0\u00a0\u00a0\u00a0\u00a0\u00a0\u00a0\u00a0\u00a0\u00a0\u00a0\u00a0\u00a0<b><u>G\u00f6rseldeki Tayt Bedeni S<\/u><\/b><\/li>\n<\/ul>\n","protected":false},"excerpt":{"rendered":"<p>&#8211; Y\u00fcksek bel tasar\u0131m\u0131 sayesinde m\u00fckemmel bir toparlama etkisi sunar, v\u00fccut hatlar\u0131n\u0131 daha s\u0131k\u0131 ve d\u00fczg\u00fcn g\u00f6sterir. &#8211; Ispanyol pa\u00e7a kesimi ile modern ve \u015f\u0131k bir g\u00f6r\u00fcn\u00fcm sa\u011flar, g\u00fcnl\u00fck kullan\u0131m i\u00e7in idealdir. &#8211; Toparlay\u0131c\u0131 ek \u00f6zellikleriyle kilo de\u011fi\u015fimlerine kar\u015f\u0131 diren\u00e7 g\u00f6stererek istenmeyen g\u00f6r\u00fcnt\u00fcleri minimize eder. &#8211; Dokuma tipi sayesinde yumu\u015fak dokusuyla cildinize nazik\u00e7e dokunurken dayan\u0131kl\u0131l\u0131\u011f\u0131ndan [&hellip;]<\/p>\n","protected":false},"featured_media":450,"comment_status":"open","ping_status":"closed","template":"","meta":[],"product_brand":[25],"product_cat":[19,22],"product_tag":[],"class_list":{"0":"post-449","1":"product","2":"type-product","3":"status-publish","4":"has-post-thumbnail","6":"product_brand-opendo","7":"product_cat-pantolon","8":"product_cat-tayt","10":"first","11":"instock","12":"shipping-taxable","13":"product-type-simple"},"wc_booster_product_categories":[{"id":19,"name":"Pantolon"},{"id":22,"name":"Tayt"}],"wc_booster_product_price":null,"wc_booster_product_rating":"","wc_booster_product_banner_img":false,"wc_booster_product_reviews":[],"wc_booster_product_stock_data":{"manage_stock":false,"total_stock":null,"sold_stock":0},"_links":{"self":[{"href":"https:\/\/opendowear.com\/index.php?rest_route=\/wp\/v2\/product\/449","targetHints":{"allow":["GET"]}}],"collection":[{"href":"https:\/\/opendowear.com\/index.php?rest_route=\/wp\/v2\/product"}],"about":[{"href":"https:\/\/opendowear.com\/index.php?rest_route=\/wp\/v2\/types\/product"}],"replies":[{"embeddable":true,"href":"https:\/\/opendowear.com\/index.php?rest_route=%2Fwp%2Fv2%2Fcomments&post=449"}],"wp:featuredmedia":[{"embeddable":true,"href":"https:\/\/opendowear.com\/index.php?rest_route=\/wp\/v2\/media\/450"}],"wp:attachment":[{"href":"https:\/\/opendowear.com\/index.php?rest_route=%2Fwp%2Fv2%2Fmedia&parent=449"}],"wp:term":[{"taxonomy":"product_brand","embeddable":true,"href":"https:\/\/opendowear.com\/index.php?rest_route=%2Fwp%2Fv2%2Fproduct_brand&post=449"},{"taxonomy":"product_cat","embeddable":true,"href":"https:\/\/opendowear.com\/index.php?rest_route=%2Fwp%2Fv2%2Fproduct_cat&post=449"},{"taxonomy":"product_tag","embeddable":true,"href":"https:\/\/opendowear.com\/index.php?rest_route=%2Fwp%2Fv2%2Fproduct_tag&post=449"}],"curies":[{"name":"wp","href":"https:\/\/api.w.org\/{rel}","templated":true}]}}